{"id":11323,"date":"2025-12-27T05:07:54","date_gmt":"2025-12-27T05:07:54","guid":{"rendered":"https:\/\/africans-in.film\/?page_id=11323"},"modified":"2025-12-27T05:14:04","modified_gmt":"2025-12-27T05:14:04","slug":"espace-presse","status":"publish","type":"page","link":"https:\/\/africans-in.film\/index.php\/espace-presse\/","title":{"rendered":"espace presse"},"content":{"rendered":"\t\t<div data-elementor-type=\"wp-page\" data-elementor-id=\"11323\" class=\"elementor elementor-11323\">\n\t\t\t\t\t\t<section class=\"elementor-section elementor-top-section elementor-element elementor-element-fb74978 elementor-section-full_width elementor-section-height-min-height elementor-section-height-default elementor-section-items-middle qodef-elementor-content-no\" data-id=\"fb74978\" data-element_type=\"section\" data-settings=\"{&quot;background_background&quot;:&quot;classic&quot;}\">\n\t\t\t\t\t\t\t<div class=\"elementor-background-overlay\"><\/div>\n\t\t\t\t\t\t\t<div class=\"elementor-container elementor-column-gap-no\">\n\t\t\t\t\t<div class=\"elementor-column elementor-col-100 elementor-top-column elementor-element elementor-element-7fcc60d\" data-id=\"7fcc60d\" data-element_type=\"column\">\n\t\t\t<div class=\"elementor-widget-wrap elementor-element-populated\">\n\t\t\t\t\t\t<div class=\"elementor-element elementor-element-c7bb366 elementor-widget elementor-widget-heading\" data-id=\"c7bb366\" data-element_type=\"widget\" data-widget_type=\"heading.default\">\n\t\t\t\t\t<h2 class=\"elementor-heading-title elementor-size-default\">Espace Presse<\/h2>\t\t\t\t<\/div>\n\t\t\t\t<div class=\"elementor-element elementor-element-9d4561a elementor-widget elementor-widget-coppola_core_button\" data-id=\"9d4561a\" data-element_type=\"widget\" data-widget_type=\"coppola_core_button.default\">\n\t\t\t\t<div class=\"elementor-widget-container\">\n\t\t\t\t\t<a class=\"qodef-shortcode qodef-m qodef-button qodef-layout--outlined qodef-skin--light qodef-html--link\" href=\"#\" target=\"_self\"  style=\"text-transform: uppercase\">\n\t<span class=\"qodef-m-text\">Contact<\/span>\n<\/a>\n\t\t\t\t<\/div>\n\t\t\t\t<\/div>\n\t\t\t\t\t<\/div>\n\t\t<\/div>\n\t\t\t\t\t<\/div>\n\t\t<\/section>\n\t\t\t\t<section class=\"elementor-section elementor-top-section elementor-element elementor-element-313f038 elementor-section-full_width elementor-section-height-min-height elementor-section-height-default elementor-section-items-middle qodef-elementor-content-no\" data-id=\"313f038\" data-element_type=\"section\" data-settings=\"{&quot;background_background&quot;:&quot;classic&quot;}\">\n\t\t\t\t\t\t<div class=\"elementor-container elementor-column-gap-no\">\n\t\t\t\t\t<div class=\"elementor-column elementor-col-100 elementor-top-column elementor-element elementor-element-10f870a\" data-id=\"10f870a\" data-element_type=\"column\">\n\t\t\t<div class=\"elementor-widget-wrap\">\n\t\t\t\t\t\t\t<\/div>\n\t\t<\/div>\n\t\t\t\t\t<\/div>\n\t\t<\/section>\n\t\t\t\t<section class=\"elementor-section elementor-top-section elementor-element elementor-element-8e2f9d0 elementor-section-full_width elementor-section-height-min-height elementor-section-height-default elementor-section-items-middle qodef-elementor-content-no\" data-id=\"8e2f9d0\" data-element_type=\"section\" data-settings=\"{&quot;background_background&quot;:&quot;classic&quot;}\">\n\t\t\t\t\t\t<div class=\"elementor-container elementor-column-gap-no\">\n\t\t\t\t\t<div class=\"elementor-column elementor-col-100 elementor-top-column elementor-element elementor-element-b636b3f\" data-id=\"b636b3f\" data-element_type=\"column\" data-settings=\"{&quot;background_background&quot;:&quot;classic&quot;}\">\n\t\t\t<div class=\"elementor-widget-wrap elementor-element-populated\">\n\t\t\t\t\t\t<div class=\"elementor-element elementor-element-b423ff9 e-n-tabs-none elementor-widget elementor-widget-n-tabs\" data-id=\"b423ff9\" data-element_type=\"widget\" data-settings=\"{&quot;horizontal_scroll&quot;:&quot;disable&quot;}\" data-widget_type=\"nested-tabs.default\">\n\t\t\t\t\t\t\t<div class=\"e-n-tabs\" data-widget-number=\"188891129\" aria-label=\"Tabs. Open items with Enter or Space, close with Escape and navigate using the Arrow keys.\">\n\t\t\t<div class=\"e-n-tabs-heading\" role=\"tablist\">\n\t\t\t\t\t<button id=\"e-n-tab-title-1888911291\" class=\"e-n-tab-title\" aria-selected=\"true\" data-tab-index=\"1\" role=\"tab\" tabindex=\"0\" aria-controls=\"e-n-tab-content-1888911291\" style=\"--n-tabs-title-order: 1;\">\n\t\t\t\t\t\t<span class=\"e-n-tab-title-text\">\n\t\t\t\tCommuniqu\u00e9s\t\t\t<\/span>\n\t\t<\/button>\n\t\t\t\t\t<\/div>\n\t\t\t<div class=\"e-n-tabs-content\">\n\t\t\t\t<div id=\"e-n-tab-content-1888911291\" role=\"tabpanel\" aria-labelledby=\"e-n-tab-title-1888911291\" data-tab-index=\"1\" style=\"--n-tabs-title-order: 1;\" class=\"e-active elementor-element elementor-element-a408b88 e-con-full e-flex qodef-elementor-content-no e-con e-child\" data-id=\"a408b88\" data-element_type=\"container\" data-settings=\"{&quot;background_background&quot;:&quot;classic&quot;}\">\n\t\t<div class=\"elementor-element elementor-element-aba7f15 e-con-full e-flex qodef-elementor-content-no e-con e-child\" data-id=\"aba7f15\" data-element_type=\"container\" data-settings=\"{&quot;background_background&quot;:&quot;classic&quot;}\">\n\t\t\t\t<div class=\"elementor-element elementor-element-d90f8f6 elementor-widget elementor-widget-coppola_core_blog_list\" data-id=\"d90f8f6\" data-element_type=\"widget\" data-widget_type=\"coppola_core_blog_list.default\">\n\t\t\t\t<div class=\"elementor-widget-container\">\n\t\t\t\t\t<div class=\"qodef-shortcode qodef-m qodef-blog qodef--list qodef-item-layout--standard qodef-grid qodef-layout--columns qodef-gutter--normal qodef-col-num--3 qodef-item-layout--standard qodef--no-bottom-space qodef-pagination--off qodef-responsive--predefined qodef-swiper-pagination--on\" data-options=\"{&quot;plugin&quot;:&quot;coppola_core&quot;,&quot;module&quot;:&quot;blog\\\/shortcodes&quot;,&quot;shortcode&quot;:&quot;blog-list&quot;,&quot;post_type&quot;:&quot;post&quot;,&quot;next_page&quot;:&quot;2&quot;,&quot;max_pages_num&quot;:1,&quot;enable_light_skin&quot;:&quot;no&quot;,&quot;behavior&quot;:&quot;columns&quot;,&quot;custom_proportions&quot;:&quot;no&quot;,&quot;images_proportion&quot;:&quot;full&quot;,&quot;columns&quot;:&quot;3&quot;,&quot;columns_responsive&quot;:&quot;predefined&quot;,&quot;columns_1440&quot;:&quot;3&quot;,&quot;columns_1366&quot;:&quot;3&quot;,&quot;columns_1024&quot;:&quot;3&quot;,&quot;columns_768&quot;:&quot;3&quot;,&quot;columns_680&quot;:&quot;3&quot;,&quot;columns_480&quot;:&quot;3&quot;,&quot;space&quot;:&quot;normal&quot;,&quot;posts_per_page&quot;:&quot;9&quot;,&quot;orderby&quot;:&quot;date&quot;,&quot;order&quot;:&quot;DESC&quot;,&quot;additional_params&quot;:&quot;tax&quot;,&quot;tax&quot;:&quot;category&quot;,&quot;tax_slug&quot;:&quot;communiques&quot;,&quot;layout&quot;:&quot;standard&quot;,&quot;title_tag&quot;:&quot;h4&quot;,&quot;toggle_read_more&quot;:&quot;yes&quot;,&quot;toggle_author&quot;:&quot;yes&quot;,&quot;enable_tags&quot;:&quot;yes&quot;,&quot;pagination_type&quot;:&quot;no-pagination&quot;,&quot;object_class_name&quot;:&quot;CoppolaCore_Blog_List_Shortcode&quot;,&quot;taxonomy_filter&quot;:&quot;category&quot;,&quot;additional_query_args&quot;:{&quot;tax_query&quot;:[{&quot;taxonomy&quot;:&quot;category&quot;,&quot;field&quot;:&quot;slug&quot;,&quot;terms&quot;:&quot;communiques&quot;}]},&quot;space_value&quot;:15}\">\n\t\t<div class=\"qodef-grid-inner clear\">\n\t\t<article class=\"qodef-e qodef-blog-item qodef-grid-item qodef-item--full post-11316 post type-post status-publish format-standard has-post-thumbnail hentry category-communiques\">\n\t<div class=\"qodef-e-inner\">\n\t\t<div class=\"qodef-e-media\">\n\t\t<div class=\"qodef-e-media-image\">\n\t\t<a itemprop=\"url\" href=\"https:\/\/africans-in.film\/index.php\/2025\/12\/27\/le-cinema-comme-arme-de-soft-power-le-festival-lafrique-fait-son-cinema-afsc-2025-devoile-un-palmares-engage-et-rayonnant\/\">\n\t\t\t<img fetchpriority=\"high\" decoding=\"async\" width=\"2560\" height=\"1319\" src=\"https:\/\/africans-in.film\/wp-content\/uploads\/2025\/12\/DSC04886-scaled.jpg\" class=\"attachment-full size-full wp-post-image\" alt=\"\" srcset=\"https:\/\/africans-in.film\/wp-content\/uploads\/2025\/12\/DSC04886-scaled.jpg 2560w, https:\/\/africans-in.film\/wp-content\/uploads\/2025\/12\/DSC04886-300x155.jpg 300w, https:\/\/africans-in.film\/wp-content\/uploads\/2025\/12\/DSC04886-1024x527.jpg 1024w, https:\/\/africans-in.film\/wp-content\/uploads\/2025\/12\/DSC04886-768x396.jpg 768w, https:\/\/africans-in.film\/wp-content\/uploads\/2025\/12\/DSC04886-1536x791.jpg 1536w, https:\/\/africans-in.film\/wp-content\/uploads\/2025\/12\/DSC04886-2048x1055.jpg 2048w, https:\/\/africans-in.film\/wp-content\/uploads\/2025\/12\/DSC04886-600x309.jpg 600w\" sizes=\"(max-width: 2560px) 100vw, 2560px\" \/>\t\t<\/a>\n\t<\/div>\n<\/div>\n\t\t<div class=\"qodef-e-content\">\n\t\t\t<div class=\"qodef-e-top-holder\">\n\t\t\t\t<div class=\"qodef-e-info\">\n\t\t\t\t\t<a href=\"https:\/\/africans-in.film\/index.php\/category\/communiques\/\" rel=\"tag\">Communiqu\u00e9s<\/a><div class=\"qodef-info-separator-end\"><\/div>\n<a title=\"Title Text: \" itemprop=\"dateCreated\" href=\"https:\/\/africans-in.film\/index.php\/2025\/12\/\" class=\"entry-date \">\n\tDecember 27, 2025<\/a><div class=\"qodef-info-separator-end\"><\/div>\n\t\t\t\t<\/div>\n\t\t\t<\/div>\n\t\t\t<div class=\"qodef-e-text\">\n\t\t\t\t<h4 itemprop=\"name\" class=\"qodef-e-title entry-title\" >\n\t<a itemprop=\"url\" class=\"qodef-e-title-link\" href=\"https:\/\/africans-in.film\/index.php\/2025\/12\/27\/le-cinema-comme-arme-de-soft-power-le-festival-lafrique-fait-son-cinema-afsc-2025-devoile-un-palmares-engage-et-rayonnant\/\">\n\t\tLe cin\u00e9ma comme arme de &#8220;soft power&#8221; : le festival &#8220;L\u2019Afrique Fait Son Cin\u00e9ma&#8221; (afsc) 2025 d\u00e9voile un palmar\u00e8s engag\u00e9 et rayonnant\t<\/a>\n<\/h4>\n\t\t\t<\/div>\n\t\t\t<div class=\"qodef-e-bottom-holder\">\n\t\t\t\t\t\t\t\t<div class=\"qodef-e-left\">\n\t\t\t\t\t\t<div class=\"qodef-e-read-more\">\n\t\t<a class=\"qodef-shortcode qodef-m qodef-button qodef-layout--textual qodef-skin--default qodef-html--link\" href=\"https:\/\/africans-in.film\/index.php\/2025\/12\/27\/le-cinema-comme-arme-de-soft-power-le-festival-lafrique-fait-son-cinema-afsc-2025-devoile-un-palmares-engage-et-rayonnant\/\" target=\"_self\"  >\t<span class=\"qodef-m-text\">View More<svg class=\"qodef-svg--button-arrow\" xmlns=\"http:\/\/www.w3.org\/2000\/svg\" width=\"12.0148\" height=\"12.0143\"     viewBox=\"0 0 12.0148 12.0143\"><g><line x1=\"0.7071\" y1=\"11.3071\" x2=\"10.6066\" y2=\"1.4077\"\/><polyline points=\"1.015 1 11.015 1 11.015 11\"\/><\/g><g><line x1=\"0.7071\" y1=\"11.3071\" x2=\"10.6066\" y2=\"1.4077\"\/><polyline points=\"1.015 1 11.015 1 11.015 11\"\/><\/g><\/svg><\/span><\/a>\t<\/div>\n\t\t\t\t<\/div>\n\t\t\t\t\t\t\t\t\t\t\t\t<div class=\"qodef-e-right qodef-e-info\">\n\t\t\t\t\t<span>by<\/span>\n<a itemprop=\"author\" href=\"https:\/\/africans-in.film\/index.php\/author\/mboko_ad\/\" class=\"qodef-e-info-author\">\n\tMboko_ad<\/a><div class=\"qodef-info-separator-end\"><\/div>\n\t\t\t\t<\/div>\n\t\t\t\t\t\t\t<\/div>\n\t\t<\/div>\n\t<\/div>\n<\/article>\n\t<\/div>\n\t<\/div>\n\t\t\t\t<\/div>\n\t\t\t\t<\/div>\n\t\t\t\t<\/div>\n\t\t\t\t<\/div>\n\t\t\t\t\t<\/div>\n\t\t<\/div>\n\t\t\t\t\t\t<\/div>\n\t\t\t\t\t<\/div>\n\t\t<\/div>\n\t\t\t\t\t<\/div>\n\t\t<\/section>\n\t\t\t\t<\/div>\n\t\t","protected":false},"excerpt":{"rendered":"<p>Espace Presse Contact Communiqu\u00e9s Communiqu\u00e9s December 27, 2025 Le cin\u00e9ma comme arme de &#8220;soft power&#8221; : le festival &#8220;L\u2019Afrique Fait Son Cin\u00e9ma&#8221; (afsc) 2025 d\u00e9voile un palmar\u00e8s engag\u00e9 et rayonnant View More by Mboko_ad Communiqu\u00e9s December 27, 2025 Le cin\u00e9ma comme arme de &#8220;soft power&#8221; : le festival &#8220;L\u2019Afrique Fait Son Cin\u00e9ma&#8221; (afsc) 2025 d\u00e9voile [&hellip;]<\/p>\n","protected":false},"author":1,"featured_media":0,"parent":0,"menu_order":0,"comment_status":"closed","ping_status":"closed","template":"page-full-width.php","meta":{"footnotes":""},"class_list":["post-11323","page","type-page","status-publish","hentry"],"_links":{"self":[{"href":"https:\/\/africans-in.film\/index.php\/wp-json\/wp\/v2\/pages\/11323","targetHints":{"allow":["GET"]}}],"collection":[{"href":"https:\/\/africans-in.film\/index.php\/wp-json\/wp\/v2\/pages"}],"about":[{"href":"https:\/\/africans-in.film\/index.php\/wp-json\/wp\/v2\/types\/page"}],"author":[{"embeddable":true,"href":"https:\/\/africans-in.film\/index.php\/wp-json\/wp\/v2\/users\/1"}],"replies":[{"embeddable":true,"href":"https:\/\/africans-in.film\/index.php\/wp-json\/wp\/v2\/comments?post=11323"}],"version-history":[{"count":4,"href":"https:\/\/africans-in.film\/index.php\/wp-json\/wp\/v2\/pages\/11323\/revisions"}],"predecessor-version":[{"id":11327,"href":"https:\/\/africans-in.film\/index.php\/wp-json\/wp\/v2\/pages\/11323\/revisions\/11327"}],"wp:attachment":[{"href":"https:\/\/africans-in.film\/index.php\/wp-json\/wp\/v2\/media?parent=11323"}],"curies":[{"name":"wp","href":"https:\/\/api.w.org\/{rel}","templated":true}]}}