{"id":10914,"date":"2025-12-03T11:03:42","date_gmt":"2025-12-03T11:03:42","guid":{"rendered":"https:\/\/africans-in.film\/?page_id=10914"},"modified":"2025-12-03T11:08:09","modified_gmt":"2025-12-03T11:08:09","slug":"table-ronde-2","status":"publish","type":"page","link":"https:\/\/africans-in.film\/index.php\/table-ronde-2\/","title":{"rendered":"Table Ronde"},"content":{"rendered":"\t\t<div data-elementor-type=\"wp-page\" data-elementor-id=\"10914\" class=\"elementor elementor-10914\">\n\t\t\t\t\t\t<section class=\"elementor-section elementor-top-section elementor-element elementor-element-1092ae8 elementor-section-full_width elementor-section-height-min-height elementor-section-height-default elementor-section-items-middle qodef-elementor-content-no\" data-id=\"1092ae8\" data-element_type=\"section\" data-settings=\"{&quot;background_background&quot;:&quot;classic&quot;}\">\n\t\t\t\t\t\t<div class=\"elementor-container elementor-column-gap-default\">\n\t\t\t\t\t<div class=\"elementor-column elementor-col-100 elementor-top-column elementor-element elementor-element-bd4b9ab\" data-id=\"bd4b9ab\" data-element_type=\"column\">\n\t\t\t<div class=\"elementor-widget-wrap elementor-element-populated\">\n\t\t\t\t\t\t<div class=\"elementor-element elementor-element-73fa27b elementor-widget elementor-widget-slider_revolution\" data-id=\"73fa27b\" data-element_type=\"widget\" data-widget_type=\"slider_revolution.default\">\n\t\t\t\t\t\n\t\t<div class=\"wp-block-themepunch-revslider\">\n\t\t\t\t<p class=\"rs-p-wp-fix\"><\/p>\n\t\t\t\t<sr7-module data-alias=\"slider-page-table-ronde\" data-id=\"21\" id=\"SR7_21_1\" class=\"rs-ov-hidden\" data-version=\"6.7.32\">\n\t\t\t\t\t<sr7-adjuster><\/sr7-adjuster>\n\t\t\t\t\t<sr7-content>\n\t\t\t\t\t\t<sr7-slide id=\"SR7_21_1-64\" data-key=\"64\">\n\t\t\t\t\t\t\t<sr7-bg id=\"SR7_21_1-64-1\" class=\"sr7-layer\"><noscript><img decoding=\"async\" src=\"http:\/\/africans-in.film\/wp-content\/uploads\/2025\/12\/Design-sans-titre27.png\" alt=\"\" title=\"Design sans titre(27)\"><\/noscript><\/sr7-bg>\n\t\t\t\t\t\t<\/sr7-slide>\n\t\t\t\t\t\t<sr7-slide id=\"SR7_21_1-65\" data-key=\"65\">\n\t\t\t\t\t\t<\/sr7-slide>\n\t\t\t\t\t<\/sr7-content>\n\t\t\t\t\t<image_lists style=\"display:none\">\n\t\t\t\t\t\t<img data-src=\"\/\/africans-in.film\/wp-content\/uploads\/2025\/12\/Design-sans-titre27.png\" data-libid=\"10915\" data-lib=\"medialibrary\" title=\"Design sans titre(27)\" width=\"0\" height=\"0\" data-dbsrc=\"Ly9hZnJpY2Fucy1pbi5maWxtL3dwLWNvbnRlbnQvdXBsb2Fkcy8yMDI1LzEyL0Rlc2lnbi1zYW5zLXRpdHJlMjcucG5n\"\/>\n\t\t\t\t\t<\/image_lists>\n\t\t\t\t<\/sr7-module>\n\t\t\t\t<script>\n\t\t\t\t\tSR7.PMH ??={}; SR7.PMH[\"SR7_21_1\"] = {cn:100,state:false,fn: function() { if (_tpt!==undefined && _tpt.prepareModuleHeight !== undefined) {  _tpt.prepareModuleHeight({id:\"SR7_21_1\",el:[900,900,768,960,720],type:'standard',shdw:'0',gh:[900,900,743,565,349],gw:[1240,1240,1024,778,480],vpt:['-100px'],size:{fullWidth:true, fullHeight:false},mh:'0',onh:0,onw:0,bg:{color:'{\"orig\":\"transparent\",\"type\":\"solid\",\"string\":\"transparent\"}'}});   SR7.PMH[\"SR7_21_1\"].state=true;} else if(SR7.PMH[\"SR7_21_1\"].cn-->0)\tsetTimeout( SR7.PMH[\"SR7_21_1\"].fn,19);}};SR7.PMH[\"SR7_21_1\" ].fn();\n\t\t\t\t<\/script>\n<\/div>\n\n\t\t\t\t\t\t<\/div>\n\t\t\t\t\t<\/div>\n\t\t<\/div>\n\t\t\t\t\t<\/div>\n\t\t<\/section>\n\t\t<div class=\"elementor-element elementor-element-e2d45f9 e-flex e-con-boxed qodef-elementor-content-no e-con e-parent\" data-id=\"e2d45f9\" data-element_type=\"container\">\n\t\t\t\t\t<div class=\"e-con-inner\">\n\t\t\t\t<div class=\"elementor-element elementor-element-9b5b762 elementor-widget elementor-widget-spacer\" data-id=\"9b5b762\" data-element_type=\"widget\" data-widget_type=\"spacer.default\">\n\t\t\t\t\t\t\t<div class=\"elementor-spacer\">\n\t\t\t<div class=\"elementor-spacer-inner\"><\/div>\n\t\t<\/div>\n\t\t\t\t\t\t<\/div>\n\t\t\t\t<div class=\"elementor-element elementor-element-592b451 elementor-widget elementor-widget-spacer\" data-id=\"592b451\" data-element_type=\"widget\" data-widget_type=\"spacer.default\">\n\t\t\t\t\t\t\t<div class=\"elementor-spacer\">\n\t\t\t<div class=\"elementor-spacer-inner\"><\/div>\n\t\t<\/div>\n\t\t\t\t\t\t<\/div>\n\t\t\t\t<div class=\"elementor-element elementor-element-cb8e53a elementor-widget elementor-widget-spacer\" data-id=\"cb8e53a\" data-element_type=\"widget\" data-widget_type=\"spacer.default\">\n\t\t\t\t\t\t\t<div class=\"elementor-spacer\">\n\t\t\t<div class=\"elementor-spacer-inner\"><\/div>\n\t\t<\/div>\n\t\t\t\t\t\t<\/div>\n\t\t\t\t\t<\/div>\n\t\t\t\t<\/div>\n\t\t\t\t<section class=\"elementor-section elementor-top-section elementor-element elementor-element-bcbb9bb elementor-section-full_width elementor-section-height-default elementor-section-height-default qodef-elementor-content-no\" data-id=\"bcbb9bb\" data-element_type=\"section\" data-settings=\"{&quot;background_background&quot;:&quot;classic&quot;}\">\n\t\t\t\t\t\t<div class=\"elementor-container elementor-column-gap-default\">\n\t\t\t\t\t<div class=\"elementor-column elementor-col-100 elementor-top-column elementor-element elementor-element-b7920fe\" data-id=\"b7920fe\" data-element_type=\"column\">\n\t\t\t<div class=\"elementor-widget-wrap elementor-element-populated\">\n\t\t\t\t\t\t<section class=\"elementor-section elementor-inner-section elementor-element elementor-element-94689d7 elementor-section-full_width elementor-section-height-default elementor-section-height-default qodef-elementor-content-no\" data-id=\"94689d7\" data-element_type=\"section\">\n\t\t\t\t\t\t<div class=\"elementor-container elementor-column-gap-default\">\n\t\t\t\t\t<div class=\"elementor-column elementor-col-50 elementor-inner-column elementor-element elementor-element-d5cf37a\" data-id=\"d5cf37a\" data-element_type=\"column\" data-settings=\"{&quot;background_background&quot;:&quot;classic&quot;}\">\n\t\t\t<div class=\"elementor-widget-wrap elementor-element-populated\">\n\t\t\t\t\t\t<div class=\"elementor-element elementor-element-424a933 elementor-widget elementor-widget-qi_addons_for_elementor_blockquote\" data-id=\"424a933\" data-element_type=\"widget\" data-widget_type=\"qi_addons_for_elementor_blockquote.default\">\n\t\t\t\t<div class=\"elementor-widget-container\">\n\t\t\t\t\t<div class=\"qodef-shortcode qodef-m qodef-qi-blockquote qodef-layout--top qodef--icon-pack\">\n\t\t\t<div class=\"qodef-m-icon\">\n\t\t\t<svg aria-hidden=\"true\" class=\"e-font-icon-svg e-fas-quote-right\" viewBox=\"0 0 512 512\" xmlns=\"http:\/\/www.w3.org\/2000\/svg\"><path d=\"M464 32H336c-26.5 0-48 21.5-48 48v128c0 26.5 21.5 48 48 48h80v64c0 35.3-28.7 64-64 64h-8c-13.3 0-24 10.7-24 24v48c0 13.3 10.7 24 24 24h8c88.4 0 160-71.6 160-160V80c0-26.5-21.5-48-48-48zm-288 0H48C21.5 32 0 53.5 0 80v128c0 26.5 21.5 48 48 48h80v64c0 35.3-28.7 64-64 64h-8c-13.3 0-24 10.7-24 24v48c0 13.3 10.7 24 24 24h8c88.4 0 160-71.6 160-160V80c0-26.5-21.5-48-48-48z\"><\/path><\/svg>\t\t<\/div>\n\t\t\t\t<h5 class=\"qodef-m-text\">\n\t\t\tPanel 1 : D\u00e9veloppement de l'industrie \u2014 Nouveaux mod\u00e8les \u00e9conomiques et financement\t\t<\/h5>\n\t<\/div>\n\t\t\t\t<\/div>\n\t\t\t\t<\/div>\n\t\t\t\t<div class=\"elementor-element elementor-element-cfd554e elementor-widget elementor-widget-text-editor\" data-id=\"cfd554e\" data-element_type=\"widget\" data-widget_type=\"text-editor.default\">\n\t\t\t\t\t\t\t\t\t<p class=\"cvGsUA direction-ltr align-justify para-style-body\"><span class=\"a_GcMg font-feature-liga-off font-feature-clig-off font-feature-calt-off text-decoration-none text-strikethrough-none\"><strong>Focus :<\/strong> Le \u00ab comment \u00bb pratique : comment financer, produire et distribuer le cin\u00e9ma africain et carib\u00e9en dans l&#8217;\u00e9cosyst\u00e8me contemporain.<\/span><\/p><p class=\"cvGsUA direction-ltr align-justify para-style-body\"><span class=\"a_GcMg font-feature-liga-off font-feature-clig-off font-feature-calt-off text-decoration-none text-strikethrough-none\"><strong>En r\u00e9sum\u00e9 :<\/strong> \u00c0 l&#8217;\u00e8re du streaming, comment transformer les subventions en rentabilit\u00e9 ? Cette discussion rassemble producteurs, plateformes et investisseurs pour explorer de nouveaux mod\u00e8les \u00e9conomiques, identifier les opportunit\u00e9s de financement (priv\u00e9es et institutionnelles) et \u00e9laborer des strat\u00e9gies pour une industrie durable et souveraine.<\/span><\/p><ul><li><span class=\"a_GcMg font-feature-liga-off font-feature-clig-off font-feature-calt-off text-decoration-none text-strikethrough-none\"><strong>Remarque :<\/strong> Cette session traite des th\u00e8mes du streaming, des mod\u00e8les \u00e9conomiques et des sources de financement.<\/span><\/li><\/ul>\t\t\t\t\t\t\t\t<\/div>\n\t\t\t\t\t<\/div>\n\t\t<\/div>\n\t\t\t\t<div class=\"elementor-column elementor-col-50 elementor-inner-column elementor-element elementor-element-a074388\" data-id=\"a074388\" data-element_type=\"column\" data-settings=\"{&quot;background_background&quot;:&quot;classic&quot;}\">\n\t\t\t<div class=\"elementor-widget-wrap elementor-element-populated\">\n\t\t\t\t\t\t<div class=\"elementor-element elementor-element-6b1c1a2 elementor-widget elementor-widget-qi_addons_for_elementor_blockquote\" data-id=\"6b1c1a2\" data-element_type=\"widget\" data-widget_type=\"qi_addons_for_elementor_blockquote.default\">\n\t\t\t\t<div class=\"elementor-widget-container\">\n\t\t\t\t\t<div class=\"qodef-shortcode qodef-m qodef-qi-blockquote qodef-layout--top qodef--icon-pack\">\n\t\t\t<div class=\"qodef-m-icon\">\n\t\t\t<svg aria-hidden=\"true\" class=\"e-font-icon-svg e-fas-quote-right\" viewBox=\"0 0 512 512\" xmlns=\"http:\/\/www.w3.org\/2000\/svg\"><path d=\"M464 32H336c-26.5 0-48 21.5-48 48v128c0 26.5 21.5 48 48 48h80v64c0 35.3-28.7 64-64 64h-8c-13.3 0-24 10.7-24 24v48c0 13.3 10.7 24 24 24h8c88.4 0 160-71.6 160-160V80c0-26.5-21.5-48-48-48zm-288 0H48C21.5 32 0 53.5 0 80v128c0 26.5 21.5 48 48 48h80v64c0 35.3-28.7 64-64 64h-8c-13.3 0-24 10.7-24 24v48c0 13.3 10.7 24 24 24h8c88.4 0 160-71.6 160-160V80c0-26.5-21.5-48-48-48z\"><\/path><\/svg>\t\t<\/div>\n\t\t\t\t<h5 class=\"qodef-m-text\">\n\t\t\tPanel 2 : Fa\u00e7onner l'avenir : impact culturel, nouvelles narrations et IA\n\t\t<\/h5>\n\t<\/div>\n\t\t\t\t<\/div>\n\t\t\t\t<\/div>\n\t\t\t\t<div class=\"elementor-element elementor-element-eed83d8 elementor-widget elementor-widget-text-editor\" data-id=\"eed83d8\" data-element_type=\"widget\" data-widget_type=\"text-editor.default\">\n\t\t\t\t\t\t\t\t\t<p class=\"cvGsUA direction-ltr align-justify para-style-body\"><span class=\"a_GcMg font-feature-liga-off font-feature-clig-off font-feature-calt-off text-decoration-none text-strikethrough-none\"><strong>En r\u00e9sum\u00e9 :<\/strong> Comment le cin\u00e9ma influence-t-il le soft power du continent ? Des r\u00e9cits inclusifs mettant en avant de nouvelles h\u00e9ro\u00efnes aux histoires destin\u00e9es \u00e0 la g\u00e9n\u00e9ration Z, ce d\u00e9bat examine la puissance narrative du film. Il analysera \u00e9galement le r\u00f4le de l\u2019intelligence artificielle : alli\u00e9e ou menace pour l\u2019avenir de la cr\u00e9ation ?<\/span><\/p><ul><li><span class=\"a_GcMg font-feature-liga-off font-feature-clig-off font-feature-calt-off text-decoration-none text-strikethrough-none\"><strong>Remarque :<\/strong> Cette session \u00e9tablit un lien entre le soft power, la g\u00e9n\u00e9ration Z, le genre\/l&#8217;inclusion et l&#8217;intelligence artificielle.<\/span><\/li><\/ul>\t\t\t\t\t\t\t\t<\/div>\n\t\t\t\t\t<\/div>\n\t\t<\/div>\n\t\t\t\t\t<\/div>\n\t\t<\/section>\n\t\t\t\t\t<\/div>\n\t\t<\/div>\n\t\t\t\t\t<\/div>\n\t\t<\/section>\n\t\t\t\t<\/div>\n\t\t","protected":false},"excerpt":{"rendered":"<p>Panel 1 : D\u00e9veloppement de l&#8217;industrie \u2014 Nouveaux mod\u00e8les \u00e9conomiques et financement Focus : Le \u00ab comment \u00bb pratique : comment financer, produire et distribuer le cin\u00e9ma africain et carib\u00e9en dans l&#8217;\u00e9cosyst\u00e8me contemporain. En r\u00e9sum\u00e9 : \u00c0 l&#8217;\u00e8re du streaming, comment transformer les subventions en rentabilit\u00e9 ? Cette discussion rassemble producteurs, plateformes et investisseurs pour [&hellip;]<\/p>\n","protected":false},"author":1,"featured_media":0,"parent":0,"menu_order":0,"comment_status":"closed","ping_status":"closed","template":"page-full-width.php","meta":{"footnotes":""},"class_list":["post-10914","page","type-page","status-publish","hentry"],"_links":{"self":[{"href":"https:\/\/africans-in.film\/index.php\/wp-json\/wp\/v2\/pages\/10914","targetHints":{"allow":["GET"]}}],"collection":[{"href":"https:\/\/africans-in.film\/index.php\/wp-json\/wp\/v2\/pages"}],"about":[{"href":"https:\/\/africans-in.film\/index.php\/wp-json\/wp\/v2\/types\/page"}],"author":[{"embeddable":true,"href":"https:\/\/africans-in.film\/index.php\/wp-json\/wp\/v2\/users\/1"}],"replies":[{"embeddable":true,"href":"https:\/\/africans-in.film\/index.php\/wp-json\/wp\/v2\/comments?post=10914"}],"version-history":[{"count":10,"href":"https:\/\/africans-in.film\/index.php\/wp-json\/wp\/v2\/pages\/10914\/revisions"}],"predecessor-version":[{"id":10925,"href":"https:\/\/africans-in.film\/index.php\/wp-json\/wp\/v2\/pages\/10914\/revisions\/10925"}],"wp:attachment":[{"href":"https:\/\/africans-in.film\/index.php\/wp-json\/wp\/v2\/media?parent=10914"}],"curies":[{"name":"wp","href":"https:\/\/api.w.org\/{rel}","templated":true}]}}