{"id":10807,"date":"2025-12-01T14:04:46","date_gmt":"2025-12-01T14:04:46","guid":{"rendered":"https:\/\/africans-in.film\/?page_id=10807"},"modified":"2025-12-03T11:38:36","modified_gmt":"2025-12-03T11:38:36","slug":"masterclass-2","status":"publish","type":"page","link":"https:\/\/africans-in.film\/index.php\/masterclass-2\/","title":{"rendered":"MASTERCLASS"},"content":{"rendered":"\t\t<div data-elementor-type=\"wp-page\" data-elementor-id=\"10807\" class=\"elementor elementor-10807\">\n\t\t\t\t\t\t<section class=\"elementor-section elementor-top-section elementor-element elementor-element-1092ae8 elementor-section-full_width elementor-section-height-min-height elementor-section-height-default elementor-section-items-middle qodef-elementor-content-no\" data-id=\"1092ae8\" data-element_type=\"section\" data-settings=\"{&quot;background_background&quot;:&quot;classic&quot;}\">\n\t\t\t\t\t\t<div class=\"elementor-container elementor-column-gap-default\">\n\t\t\t\t\t<div class=\"elementor-column elementor-col-100 elementor-top-column elementor-element elementor-element-bd4b9ab\" data-id=\"bd4b9ab\" data-element_type=\"column\">\n\t\t\t<div class=\"elementor-widget-wrap elementor-element-populated\">\n\t\t\t\t\t\t<div class=\"elementor-element elementor-element-73fa27b elementor-widget elementor-widget-slider_revolution\" data-id=\"73fa27b\" data-element_type=\"widget\" data-widget_type=\"slider_revolution.default\">\n\t\t\t\t\t\n\t\t<div class=\"wp-block-themepunch-revslider\">\n\t\t\t\t<p class=\"rs-p-wp-fix\"><\/p>\n\t\t\t\t<sr7-module data-alias=\"slider-1\" data-id=\"20\" id=\"SR7_20_1\" class=\"rs-ov-hidden\" data-version=\"6.7.32\">\n\t\t\t\t\t<sr7-adjuster><\/sr7-adjuster>\n\t\t\t\t\t<sr7-content>\n\t\t\t\t\t\t<sr7-slide id=\"SR7_20_1-62\" data-key=\"62\">\n\t\t\t\t\t\t\t<sr7-bg id=\"SR7_20_1-62-1\" class=\"sr7-layer\"><noscript><img decoding=\"async\" src=\"http:\/\/africans-in.film\/wp-content\/uploads\/2025\/11\/1-3.png\" alt=\"\" title=\"1\"><\/noscript><\/sr7-bg>\n\t\t\t\t\t\t<\/sr7-slide>\n\t\t\t\t\t\t<sr7-slide id=\"SR7_20_1-63\" data-key=\"63\">\n\t\t\t\t\t\t<\/sr7-slide>\n\t\t\t\t\t<\/sr7-content>\n\t\t\t\t\t<image_lists style=\"display:none\">\n\t\t\t\t\t\t<img data-src=\"\/\/africans-in.film\/wp-content\/uploads\/2025\/11\/1-3.png\" data-libid=\"10794\" data-lib=\"medialibrary\" title=\"1\" width=\"0\" height=\"0\" data-dbsrc=\"Ly9hZnJpY2Fucy1pbi5maWxtL3dwLWNvbnRlbnQvdXBsb2Fkcy8yMDI1LzExLzEtMy5wbmc=\"\/>\n\t\t\t\t\t<\/image_lists>\n\t\t\t\t<\/sr7-module>\n\t\t\t\t<script>\n\t\t\t\t\tSR7.PMH ??={}; SR7.PMH[\"SR7_20_1\"] = {cn:100,state:false,fn: function() { if (_tpt!==undefined && _tpt.prepareModuleHeight !== undefined) {  _tpt.prepareModuleHeight({id:\"SR7_20_1\",el:[900,900,768,960,720],type:'standard',shdw:'0',gh:[900,900,768,960,720],gw:[1240,1240,1024,778,480],vpt:['-100px&#039;,&#039;-100px&#039;,&#039;-100px&#039;,&#039;-100px&#039;,&#039;-100px'],size:{fullWidth:true, fullHeight:false},mh:'0',onh:0,onw:0,bg:{color:'{\"orig\":\"transparent\",\"type\":\"solid\",\"string\":\"transparent\"}'}});   SR7.PMH[\"SR7_20_1\"].state=true;} else if(SR7.PMH[\"SR7_20_1\"].cn-->0)\tsetTimeout( SR7.PMH[\"SR7_20_1\"].fn,19);}};SR7.PMH[\"SR7_20_1\" ].fn();\n\t\t\t\t<\/script>\n<\/div>\n\n\t\t\t\t\t\t<\/div>\n\t\t\t\t\t<\/div>\n\t\t<\/div>\n\t\t\t\t\t<\/div>\n\t\t<\/section>\n\t\t<div class=\"elementor-element elementor-element-e2d45f9 e-flex e-con-boxed qodef-elementor-content-no e-con e-parent\" data-id=\"e2d45f9\" data-element_type=\"container\">\n\t\t\t\t\t<div class=\"e-con-inner\">\n\t\t\t\t<div class=\"elementor-element elementor-element-9b5b762 elementor-widget elementor-widget-spacer\" data-id=\"9b5b762\" data-element_type=\"widget\" data-widget_type=\"spacer.default\">\n\t\t\t\t\t\t\t<div class=\"elementor-spacer\">\n\t\t\t<div class=\"elementor-spacer-inner\"><\/div>\n\t\t<\/div>\n\t\t\t\t\t\t<\/div>\n\t\t\t\t<div class=\"elementor-element elementor-element-592b451 elementor-widget elementor-widget-spacer\" data-id=\"592b451\" data-element_type=\"widget\" data-widget_type=\"spacer.default\">\n\t\t\t\t\t\t\t<div class=\"elementor-spacer\">\n\t\t\t<div class=\"elementor-spacer-inner\"><\/div>\n\t\t<\/div>\n\t\t\t\t\t\t<\/div>\n\t\t\t\t<div class=\"elementor-element elementor-element-cb8e53a elementor-widget elementor-widget-spacer\" data-id=\"cb8e53a\" data-element_type=\"widget\" data-widget_type=\"spacer.default\">\n\t\t\t\t\t\t\t<div class=\"elementor-spacer\">\n\t\t\t<div class=\"elementor-spacer-inner\"><\/div>\n\t\t<\/div>\n\t\t\t\t\t\t<\/div>\n\t\t\t\t\t<\/div>\n\t\t\t\t<\/div>\n\t\t\t\t<section class=\"elementor-section elementor-top-section elementor-element elementor-element-bcbb9bb elementor-section-full_width elementor-section-height-default elementor-section-height-default qodef-elementor-content-no\" data-id=\"bcbb9bb\" data-element_type=\"section\" data-settings=\"{&quot;background_background&quot;:&quot;classic&quot;}\">\n\t\t\t\t\t\t<div class=\"elementor-container elementor-column-gap-default\">\n\t\t\t\t\t<div class=\"elementor-column elementor-col-100 elementor-top-column elementor-element elementor-element-b7920fe\" data-id=\"b7920fe\" data-element_type=\"column\">\n\t\t\t<div class=\"elementor-widget-wrap elementor-element-populated\">\n\t\t\t\t\t\t<section class=\"elementor-section elementor-inner-section elementor-element elementor-element-94689d7 elementor-section-full_width elementor-section-height-default elementor-section-height-default qodef-elementor-content-no\" data-id=\"94689d7\" data-element_type=\"section\">\n\t\t\t\t\t\t<div class=\"elementor-container elementor-column-gap-default\">\n\t\t\t\t\t<div class=\"elementor-column elementor-col-33 elementor-inner-column elementor-element elementor-element-d5cf37a\" data-id=\"d5cf37a\" data-element_type=\"column\" data-settings=\"{&quot;background_background&quot;:&quot;classic&quot;}\">\n\t\t\t<div class=\"elementor-widget-wrap elementor-element-populated\">\n\t\t\t\t\t\t<div class=\"elementor-element elementor-element-424a933 elementor-widget elementor-widget-qi_addons_for_elementor_blockquote\" data-id=\"424a933\" data-element_type=\"widget\" data-widget_type=\"qi_addons_for_elementor_blockquote.default\">\n\t\t\t\t<div class=\"elementor-widget-container\">\n\t\t\t\t\t<div class=\"qodef-shortcode qodef-m qodef-qi-blockquote qodef-layout--top qodef--icon-pack\">\n\t\t\t<div class=\"qodef-m-icon\">\n\t\t\t<svg aria-hidden=\"true\" class=\"e-font-icon-svg e-fas-quote-right\" viewBox=\"0 0 512 512\" xmlns=\"http:\/\/www.w3.org\/2000\/svg\"><path d=\"M464 32H336c-26.5 0-48 21.5-48 48v128c0 26.5 21.5 48 48 48h80v64c0 35.3-28.7 64-64 64h-8c-13.3 0-24 10.7-24 24v48c0 13.3 10.7 24 24 24h8c88.4 0 160-71.6 160-160V80c0-26.5-21.5-48-48-48zm-288 0H48C21.5 32 0 53.5 0 80v128c0 26.5 21.5 48 48 48h80v64c0 35.3-28.7 64-64 64h-8c-13.3 0-24 10.7-24 24v48c0 13.3 10.7 24 24 24h8c88.4 0 160-71.6 160-160V80c0-26.5-21.5-48-48-48z\"><\/path><\/svg>\t\t<\/div>\n\t\t\t\t<h5 class=\"qodef-m-text\">\n\t\t\tDe l'id\u00e9e \u00e0 la signature \u2014 R\u00e9daction, pr\u00e9sentation et persuasion.\t\t<\/h5>\n\t<\/div>\n\t\t\t\t<\/div>\n\t\t\t\t<\/div>\n\t\t\t\t<div class=\"elementor-element elementor-element-cfd554e elementor-widget elementor-widget-text-editor\" data-id=\"cfd554e\" data-element_type=\"widget\" data-widget_type=\"text-editor.default\">\n\t\t\t\t\t\t\t\t\t<p class=\"cvGsUA direction-ltr align-justify para-style-body\"><span class=\"a_GcMg font-feature-liga-off font-feature-clig-off font-feature-calt-off text-decoration-none text-strikethrough-none\"><strong>Objectif :<\/strong> Une session intensive visant \u00e0 convertir votre vision en un projet lucratif.<\/span><\/p><p class=\"cvGsUA direction-ltr align-justify para-style-body\"><span class=\"a_GcMg font-feature-liga-off font-feature-clig-off font-feature-calt-off text-decoration-none text-strikethrough-none\"><strong>En r\u00e9sum\u00e9 :<\/strong> Acqu\u00e9rez les deux comp\u00e9tences fondamentales de tout cr\u00e9ateur. Commencez par r\u00e9diger un sc\u00e9nario captivant, ancr\u00e9 dans la culture locale tout en \u00e9tant universel. Ensuite, perfectionnez l&#8217;art du pitch pour persuader les producteurs et les plateformes en quelques minutes et donner vie \u00e0 votre r\u00e9cit.<\/span><\/p><ul><li><span class=\"a_GcMg font-feature-liga-off font-feature-clig-off font-feature-calt-off text-decoration-none text-strikethrough-none\"><strong>Remarque :<\/strong> Cette session combine l&#8217;\u00e9criture de sc\u00e9narios, la narration universelle et l&#8217;art du pitch.<\/span><\/li><\/ul>\t\t\t\t\t\t\t\t<\/div>\n\t\t\t\t\t<\/div>\n\t\t<\/div>\n\t\t\t\t<div class=\"elementor-column elementor-col-33 elementor-inner-column elementor-element elementor-element-a074388\" data-id=\"a074388\" data-element_type=\"column\" data-settings=\"{&quot;background_background&quot;:&quot;classic&quot;}\">\n\t\t\t<div class=\"elementor-widget-wrap elementor-element-populated\">\n\t\t\t\t\t\t<div class=\"elementor-element elementor-element-6b1c1a2 elementor-widget elementor-widget-qi_addons_for_elementor_blockquote\" data-id=\"6b1c1a2\" data-element_type=\"widget\" data-widget_type=\"qi_addons_for_elementor_blockquote.default\">\n\t\t\t\t<div class=\"elementor-widget-container\">\n\t\t\t\t\t<div class=\"qodef-shortcode qodef-m qodef-qi-blockquote qodef-layout--top qodef--icon-pack\">\n\t\t\t<div class=\"qodef-m-icon\">\n\t\t\t<svg aria-hidden=\"true\" class=\"e-font-icon-svg e-fas-quote-right\" viewBox=\"0 0 512 512\" xmlns=\"http:\/\/www.w3.org\/2000\/svg\"><path d=\"M464 32H336c-26.5 0-48 21.5-48 48v128c0 26.5 21.5 48 48 48h80v64c0 35.3-28.7 64-64 64h-8c-13.3 0-24 10.7-24 24v48c0 13.3 10.7 24 24 24h8c88.4 0 160-71.6 160-160V80c0-26.5-21.5-48-48-48zm-288 0H48C21.5 32 0 53.5 0 80v128c0 26.5 21.5 48 48 48h80v64c0 35.3-28.7 64-64 64h-8c-13.3 0-24 10.7-24 24v48c0 13.3 10.7 24 24 24h8c88.4 0 160-71.6 160-160V80c0-26.5-21.5-48-48-48z\"><\/path><\/svg>\t\t<\/div>\n\t\t\t\t<h5 class=\"qodef-m-text\">\n\t\t\tL'intelligence artificielle en tant que copilote cr\u00e9atif et outils pratiques pour les cin\u00e9astes : programme cl\u00e9 en main\t\t<\/h5>\n\t<\/div>\n\t\t\t\t<\/div>\n\t\t\t\t<\/div>\n\t\t\t\t<div class=\"elementor-element elementor-element-eed83d8 elementor-widget elementor-widget-text-editor\" data-id=\"eed83d8\" data-element_type=\"widget\" data-widget_type=\"text-editor.default\">\n\t\t\t\t\t\t\t\t\t<p class=\"cvGsUA direction-ltr align-start para-style-body\"><span class=\"a_GcMg font-feature-liga-off font-feature-clig-off font-feature-calt-off text-decoration-none text-strikethrough-none\">Cette masterclass incontournable accompagne les cin\u00e9astes dans l&#8217;exploration du paysage de l&#8217;IA.<\/span><\/p><p class=\"cvGsUA direction-ltr align-justify para-style-body\"><span class=\"a_GcMg font-feature-liga-off font-feature-clig-off font-feature-calt-off text-decoration-none text-strikethrough-none\"><strong>La premi\u00e8re section<\/strong>, \u00ab L\u2019IA, votre copilote cr\u00e9atif \u00bb, clarifie le r\u00f4le de l\u2019IA en tant qu\u2019assistant efficace \u00e0 chaque phase de la production, de l\u2019\u00e9criture du sc\u00e9nario \u00e0 la postproduction. Explorez comment exploiter l\u2019IA pour enrichir votre narration, innover et optimiser vos processus de travail sans alt\u00e9rer votre vision artistique.<\/span><\/p><p class=\"cvGsUA direction-ltr align-justify para-style-body\"><span class=\"a_GcMg font-feature-liga-off font-feature-clig-off font-feature-calt-off text-decoration-none text-strikethrough-none\"><strong>La deuxi\u00e8me partie<\/strong>, \u00ab Au-del\u00e0 du buzz : l\u2019IA pratique pour les cin\u00e9astes ind\u00e9pendants \u00bb, met en lumi\u00e8re des outils accessibles et \u00e9conomiques. Explorez des applications concr\u00e8tes pour accro\u00eetre votre efficacit\u00e9, optimiser vos ressources et rehausser la qualit\u00e9 de vos productions. Repartez avec des strat\u00e9gies tangibles pour int\u00e9grer l\u2019IA et transformer les contraintes en opportunit\u00e9s cr\u00e9atives.<\/span><\/p>\t\t\t\t\t\t\t\t<\/div>\n\t\t\t\t\t<\/div>\n\t\t<\/div>\n\t\t\t\t<div class=\"elementor-column elementor-col-33 elementor-inner-column elementor-element elementor-element-38d3235\" data-id=\"38d3235\" data-element_type=\"column\" data-settings=\"{&quot;background_background&quot;:&quot;classic&quot;}\">\n\t\t\t<div class=\"elementor-widget-wrap elementor-element-populated\">\n\t\t\t\t\t\t<div class=\"elementor-element elementor-element-3ad5db9 elementor-widget elementor-widget-qi_addons_for_elementor_blockquote\" data-id=\"3ad5db9\" data-element_type=\"widget\" data-widget_type=\"qi_addons_for_elementor_blockquote.default\">\n\t\t\t\t<div class=\"elementor-widget-container\">\n\t\t\t\t\t<div class=\"qodef-shortcode qodef-m qodef-qi-blockquote qodef-layout--top qodef--icon-pack\">\n\t\t\t<div class=\"qodef-m-icon\">\n\t\t\t<svg aria-hidden=\"true\" class=\"e-font-icon-svg e-fas-quote-right\" viewBox=\"0 0 512 512\" xmlns=\"http:\/\/www.w3.org\/2000\/svg\"><path d=\"M464 32H336c-26.5 0-48 21.5-48 48v128c0 26.5 21.5 48 48 48h80v64c0 35.3-28.7 64-64 64h-8c-13.3 0-24 10.7-24 24v48c0 13.3 10.7 24 24 24h8c88.4 0 160-71.6 160-160V80c0-26.5-21.5-48-48-48zm-288 0H48C21.5 32 0 53.5 0 80v128c0 26.5 21.5 48 48 48h80v64c0 35.3-28.7 64-64 64h-8c-13.3 0-24 10.7-24 24v48c0 13.3 10.7 24 24 24h8c88.4 0 160-71.6 160-160V80c0-26.5-21.5-48-48-48z\"><\/path><\/svg>\t\t<\/div>\n\t\t\t\t<h5 class=\"qodef-m-text\">\n\t\t\tDe la cam\u00e9ra au monde entier \u2014 Produire, commercialiser et distribuer son film\t\t<\/h5>\n\t<\/div>\n\t\t\t\t<\/div>\n\t\t\t\t<\/div>\n\t\t\t\t<div class=\"elementor-element elementor-element-2d23a8d elementor-widget elementor-widget-text-editor\" data-id=\"2d23a8d\" data-element_type=\"widget\" data-widget_type=\"text-editor.default\">\n\t\t\t\t\t\t\t\t\t<p class=\"cvGsUA direction-ltr align-justify para-style-body\"><span class=\"a_GcMg font-feature-liga-off font-feature-clig-off font-feature-calt-off text-decoration-none text-strikethrough-none\"><strong>Objectif :<\/strong> Un manuel pratique d\u00e9crivant les \u00e9tapes techniques et strat\u00e9giques pour concr\u00e9tiser votre film et le faire voyager.<\/span><\/p><p class=\"cvGsUA direction-ltr align-justify para-style-body\"><span class=\"a_GcMg font-feature-liga-off font-feature-clig-off font-feature-calt-off text-decoration-none text-strikethrough-none\"><strong>En r\u00e9sum\u00e9 :<\/strong> Immergez-vous dans l&#8217;art de la r\u00e9alisation et de la diffusion. Cette masterclass examine les principes essentiels de la mise en sc\u00e8ne (\u00e9clairage, direction d\u2019acteurs) ainsi que l&#8217;utilisation pertinente des nouveaux outils d&#8217;IA. Vous apprendrez \u00e9galement des strat\u00e9gies concr\u00e8tes pour \u00e9veiller l&#8217;int\u00e9r\u00eat, promouvoir votre film et vous diriger vers les circuits internationaux : coproductions, festivals et march\u00e9s de la distribution.<\/span><\/p><p class=\"cvGsUA direction-ltr align-justify para-style-body\"><span class=\"a_GcMg font-feature-liga-off font-feature-clig-off font-feature-calt-off text-decoration-none text-strikethrough-none\"><strong>Remarque :<\/strong> Cette session int\u00e8gre la cr\u00e9ation, l&#8217;intelligence artificielle cr\u00e9ative, le marketing\/viralit\u00e9 et la production\/distribution internationale.<\/span><\/p>\t\t\t\t\t\t\t\t<\/div>\n\t\t\t\t\t<\/div>\n\t\t<\/div>\n\t\t\t\t\t<\/div>\n\t\t<\/section>\n\t\t\t\t<section class=\"elementor-section elementor-inner-section elementor-element elementor-element-a23a28b elementor-section-full_width elementor-section-height-default elementor-section-height-default qodef-elementor-content-no\" data-id=\"a23a28b\" data-element_type=\"section\">\n\t\t\t\t\t\t<div class=\"elementor-container elementor-column-gap-default\">\n\t\t\t\t\t<div class=\"elementor-column elementor-col-33 elementor-inner-column elementor-element elementor-element-108ea4b\" data-id=\"108ea4b\" data-element_type=\"column\">\n\t\t\t<div class=\"elementor-widget-wrap elementor-element-populated\">\n\t\t\t\t\t\t<div class=\"elementor-element elementor-element-261300b elementor-widget__width-initial elementor-widget elementor-widget-image\" data-id=\"261300b\" data-element_type=\"widget\" data-widget_type=\"image.default\">\n\t\t\t\t\t\t\t\t\t\t\t\t\t\t\t<img fetchpriority=\"high\" decoding=\"async\" width=\"1000\" height=\"1000\" src=\"https:\/\/africans-in.film\/wp-content\/uploads\/2025\/12\/Design-sans-titre2.png\" class=\"attachment-large size-large wp-image-10873\" alt=\"\" srcset=\"https:\/\/africans-in.film\/wp-content\/uploads\/2025\/12\/Design-sans-titre2.png 1000w, https:\/\/africans-in.film\/wp-content\/uploads\/2025\/12\/Design-sans-titre2-300x300.png 300w, https:\/\/africans-in.film\/wp-content\/uploads\/2025\/12\/Design-sans-titre2-150x150.png 150w, https:\/\/africans-in.film\/wp-content\/uploads\/2025\/12\/Design-sans-titre2-768x768.png 768w, https:\/\/africans-in.film\/wp-content\/uploads\/2025\/12\/Design-sans-titre2-650x650.png 650w, https:\/\/africans-in.film\/wp-content\/uploads\/2025\/12\/Design-sans-titre2-600x600.png 600w, https:\/\/africans-in.film\/wp-content\/uploads\/2025\/12\/Design-sans-titre2-100x100.png 100w\" sizes=\"(max-width: 1000px) 100vw, 1000px\" \/>\t\t\t\t\t\t\t\t\t\t\t\t\t\t\t<\/div>\n\t\t\t\t<div class=\"elementor-element elementor-element-7e2eb65 elementor-widget__width-auto animated-slow elementor-invisible elementor-widget elementor-widget-button\" data-id=\"7e2eb65\" data-element_type=\"widget\" data-settings=\"{&quot;_animation&quot;:&quot;fadeIn&quot;}\" data-widget_type=\"button.default\">\n\t\t\t\t\t\t\t\t\t\t<a class=\"elementor-button elementor-button-link elementor-size-sm\" href=\"#\">\n\t\t\t\t\t\t<span class=\"elementor-button-content-wrapper\">\n\t\t\t\t\t\t\t\t\t<span class=\"elementor-button-text\">INTERVENANT<\/span>\n\t\t\t\t\t<\/span>\n\t\t\t\t\t<\/a>\n\t\t\t\t\t\t\t\t<\/div>\n\t\t\t\t\t<\/div>\n\t\t<\/div>\n\t\t\t\t<div class=\"elementor-column elementor-col-33 elementor-inner-column elementor-element elementor-element-80999c1\" data-id=\"80999c1\" data-element_type=\"column\">\n\t\t\t<div class=\"elementor-widget-wrap elementor-element-populated\">\n\t\t\t\t\t\t<div class=\"elementor-element elementor-element-6dfd88e elementor-widget__width-initial elementor-widget elementor-widget-image\" data-id=\"6dfd88e\" data-element_type=\"widget\" data-widget_type=\"image.default\">\n\t\t\t\t\t\t\t\t\t\t\t\t\t\t\t<img decoding=\"async\" width=\"1000\" height=\"1000\" src=\"https:\/\/africans-in.film\/wp-content\/uploads\/2025\/12\/Design-sans-titre3.png\" class=\"attachment-large size-large wp-image-10874\" alt=\"\" srcset=\"https:\/\/africans-in.film\/wp-content\/uploads\/2025\/12\/Design-sans-titre3.png 1000w, https:\/\/africans-in.film\/wp-content\/uploads\/2025\/12\/Design-sans-titre3-300x300.png 300w, https:\/\/africans-in.film\/wp-content\/uploads\/2025\/12\/Design-sans-titre3-150x150.png 150w, https:\/\/africans-in.film\/wp-content\/uploads\/2025\/12\/Design-sans-titre3-768x768.png 768w, https:\/\/africans-in.film\/wp-content\/uploads\/2025\/12\/Design-sans-titre3-650x650.png 650w, https:\/\/africans-in.film\/wp-content\/uploads\/2025\/12\/Design-sans-titre3-600x600.png 600w, https:\/\/africans-in.film\/wp-content\/uploads\/2025\/12\/Design-sans-titre3-100x100.png 100w\" sizes=\"(max-width: 1000px) 100vw, 1000px\" \/>\t\t\t\t\t\t\t\t\t\t\t\t\t\t\t<\/div>\n\t\t\t\t<div class=\"elementor-element elementor-element-ddc51fd elementor-widget__width-auto animated-slow elementor-invisible elementor-widget elementor-widget-button\" data-id=\"ddc51fd\" data-element_type=\"widget\" data-settings=\"{&quot;_animation&quot;:&quot;fadeIn&quot;}\" data-widget_type=\"button.default\">\n\t\t\t\t\t\t\t\t\t\t<a class=\"elementor-button elementor-button-link elementor-size-sm\" href=\"#\">\n\t\t\t\t\t\t<span class=\"elementor-button-content-wrapper\">\n\t\t\t\t\t\t\t\t\t<span class=\"elementor-button-text\">INTERVENANT<\/span>\n\t\t\t\t\t<\/span>\n\t\t\t\t\t<\/a>\n\t\t\t\t\t\t\t\t<\/div>\n\t\t\t\t\t<\/div>\n\t\t<\/div>\n\t\t\t\t<div class=\"elementor-column elementor-col-33 elementor-inner-column elementor-element elementor-element-8befc0a\" data-id=\"8befc0a\" data-element_type=\"column\">\n\t\t\t<div class=\"elementor-widget-wrap elementor-element-populated\">\n\t\t\t\t\t\t<div class=\"elementor-element elementor-element-20b3f77 elementor-widget__width-initial elementor-widget elementor-widget-image\" data-id=\"20b3f77\" data-element_type=\"widget\" data-widget_type=\"image.default\">\n\t\t\t\t\t\t\t\t\t\t\t\t\t\t\t<img fetchpriority=\"high\" decoding=\"async\" width=\"1000\" height=\"1000\" src=\"https:\/\/africans-in.film\/wp-content\/uploads\/2025\/12\/Design-sans-titre2.png\" class=\"attachment-large size-large wp-image-10873\" alt=\"\" srcset=\"https:\/\/africans-in.film\/wp-content\/uploads\/2025\/12\/Design-sans-titre2.png 1000w, https:\/\/africans-in.film\/wp-content\/uploads\/2025\/12\/Design-sans-titre2-300x300.png 300w, https:\/\/africans-in.film\/wp-content\/uploads\/2025\/12\/Design-sans-titre2-150x150.png 150w, https:\/\/africans-in.film\/wp-content\/uploads\/2025\/12\/Design-sans-titre2-768x768.png 768w, https:\/\/africans-in.film\/wp-content\/uploads\/2025\/12\/Design-sans-titre2-650x650.png 650w, https:\/\/africans-in.film\/wp-content\/uploads\/2025\/12\/Design-sans-titre2-600x600.png 600w, https:\/\/africans-in.film\/wp-content\/uploads\/2025\/12\/Design-sans-titre2-100x100.png 100w\" sizes=\"(max-width: 1000px) 100vw, 1000px\" \/>\t\t\t\t\t\t\t\t\t\t\t\t\t\t\t<\/div>\n\t\t\t\t<div class=\"elementor-element elementor-element-d2a6482 elementor-widget__width-auto animated-slow elementor-invisible elementor-widget elementor-widget-button\" data-id=\"d2a6482\" data-element_type=\"widget\" data-settings=\"{&quot;_animation&quot;:&quot;fadeIn&quot;}\" data-widget_type=\"button.default\">\n\t\t\t\t\t\t\t\t\t\t<a class=\"elementor-button elementor-button-link elementor-size-sm\" href=\"#\">\n\t\t\t\t\t\t<span class=\"elementor-button-content-wrapper\">\n\t\t\t\t\t\t\t\t\t<span class=\"elementor-button-text\">INTERVENANT<\/span>\n\t\t\t\t\t<\/span>\n\t\t\t\t\t<\/a>\n\t\t\t\t\t\t\t\t<\/div>\n\t\t\t\t\t<\/div>\n\t\t<\/div>\n\t\t\t\t\t<\/div>\n\t\t<\/section>\n\t\t\t\t\t<\/div>\n\t\t<\/div>\n\t\t\t\t\t<\/div>\n\t\t<\/section>\n\t\t\t\t<\/div>\n\t\t","protected":false},"excerpt":{"rendered":"<p>De l&#8217;id\u00e9e \u00e0 la signature \u2014 R\u00e9daction, pr\u00e9sentation et persuasion. Objectif : Une session intensive visant \u00e0 convertir votre vision en un projet lucratif. En r\u00e9sum\u00e9 : Acqu\u00e9rez les deux comp\u00e9tences fondamentales de tout cr\u00e9ateur. Commencez par r\u00e9diger un sc\u00e9nario captivant, ancr\u00e9 dans la culture locale tout en \u00e9tant universel. Ensuite, perfectionnez l&#8217;art du pitch [&hellip;]<\/p>\n","protected":false},"author":1,"featured_media":0,"parent":0,"menu_order":0,"comment_status":"closed","ping_status":"closed","template":"page-full-width.php","meta":{"footnotes":""},"class_list":["post-10807","page","type-page","status-publish","hentry"],"_links":{"self":[{"href":"https:\/\/africans-in.film\/index.php\/wp-json\/wp\/v2\/pages\/10807","targetHints":{"allow":["GET"]}}],"collection":[{"href":"https:\/\/africans-in.film\/index.php\/wp-json\/wp\/v2\/pages"}],"about":[{"href":"https:\/\/africans-in.film\/index.php\/wp-json\/wp\/v2\/types\/page"}],"author":[{"embeddable":true,"href":"https:\/\/africans-in.film\/index.php\/wp-json\/wp\/v2\/users\/1"}],"replies":[{"embeddable":true,"href":"https:\/\/africans-in.film\/index.php\/wp-json\/wp\/v2\/comments?post=10807"}],"version-history":[{"count":40,"href":"https:\/\/africans-in.film\/index.php\/wp-json\/wp\/v2\/pages\/10807\/revisions"}],"predecessor-version":[{"id":10934,"href":"https:\/\/africans-in.film\/index.php\/wp-json\/wp\/v2\/pages\/10807\/revisions\/10934"}],"wp:attachment":[{"href":"https:\/\/africans-in.film\/index.php\/wp-json\/wp\/v2\/media?parent=10807"}],"curies":[{"name":"wp","href":"https:\/\/api.w.org\/{rel}","templated":true}]}}