{"id":10063,"date":"2025-10-24T10:17:59","date_gmt":"2025-10-24T10:17:59","guid":{"rendered":"http:\/\/africans-in.film\/?page_id=10063"},"modified":"2025-10-27T22:52:46","modified_gmt":"2025-10-27T22:52:46","slug":"le-defi-kino-ai","status":"publish","type":"page","link":"https:\/\/africans-in.film\/index.php\/le-defi-kino-ai\/","title":{"rendered":"Le D\u00e9fi Kino AI"},"content":{"rendered":"\t\t<div data-elementor-type=\"wp-page\" data-elementor-id=\"10063\" class=\"elementor elementor-10063\">\n\t\t\t\t\t\t<section class=\"elementor-section elementor-top-section elementor-element elementor-element-1092ae8 elementor-section-full_width elementor-section-height-min-height elementor-section-height-default elementor-section-items-middle qodef-elementor-content-no\" data-id=\"1092ae8\" data-element_type=\"section\" data-settings=\"{&quot;background_background&quot;:&quot;classic&quot;}\">\n\t\t\t\t\t\t<div class=\"elementor-container elementor-column-gap-default\">\n\t\t\t\t\t<div class=\"elementor-column elementor-col-100 elementor-top-column elementor-element elementor-element-bd4b9ab\" data-id=\"bd4b9ab\" data-element_type=\"column\">\n\t\t\t<div class=\"elementor-widget-wrap elementor-element-populated\">\n\t\t\t\t\t\t<div class=\"elementor-element elementor-element-73fa27b elementor-widget elementor-widget-slider_revolution\" data-id=\"73fa27b\" data-element_type=\"widget\" data-widget_type=\"slider_revolution.default\">\n\t\t\t\t\t\n\t\t<div class=\"wp-block-themepunch-revslider\">\n\t\t\t\t<p class=\"rs-p-wp-fix\"><\/p>\n\t\t\t\t<sr7-module data-alias=\"film-festival-1\" data-id=\"16\" id=\"SR7_16_1\" class=\"rs-ov-hidden\" data-version=\"6.7.32\">\n\t\t\t\t\t<sr7-adjuster><\/sr7-adjuster>\n\t\t\t\t\t<sr7-content>\n\t\t\t\t\t\t<sr7-slide id=\"SR7_16_1-52\" data-key=\"52\">\n\t\t\t\t\t\t\t<sr7-bg id=\"SR7_16_1-52-43\" class=\"sr7-layer\"><noscript><img decoding=\"async\" src=\"http:\/\/africans-in.film\/wp-content\/uploads\/2025\/10\/marathon-de-creation-unique.jpg\" alt=\"\" title=\"marathon de cr\u00e9ation unique\"><\/noscript><\/sr7-bg>\n\t\t\t\t\t\t\t<sr7-txt id=\"SR7_16_1-52-1\" class=\"sr7-layer\">Le D\u00e9fi<\/sr7-txt>\n\t\t\t\t\t\t\t<sr7-txt id=\"SR7_16_1-52-2\" class=\"sr7-layer\">Kino AI<\/sr7-txt>\n\t\t\t\t\t\t\t<sr7-txt id=\"SR7_16_1-52-3\" class=\"sr7-layer\">72 h<\/sr7-txt>\n\t\t\t\t\t\t\t<sr7-txt id=\"SR7_16_1-52-9\" class=\"sr7-layer\">EICAR<br \/>\nPartenaire Officiel<\/sr7-txt>\n\t\t\t\t\t\t\t<sr7-txt id=\"SR7_16_1-52-10\" class=\"sr7-layer\">PARIS  \/ 15 au 17 D\u00e9cembre \/ 2025<\/sr7-txt>\n\t\t\t\t\t\t\t<a id=\"SR7_16_1-52-13\" class=\"sr7-layer\" href=\"https:\/\/www.eicar.fr\/\" target=\"_blank\" rel=\"noopener\">EICAR<br \/>\nPartenaire Officiel<\/a>\n\t\t\t\t\t\t\t<sr7-txt id=\"SR7_16_1-52-14\" class=\"sr7-layer\">PARIS  \/ 15 au 17 D\u00e9cembre \/ 2025<\/sr7-txt>\n\t\t\t\t\t\t\t<sr7-txt id=\"SR7_16_1-52-41\" class=\"sr7-layer\" srscsrc><div class=\"qodef-shortcode qodef-m qodef-video-button qodef-layout--textual\">\n\t\t<div class=\"qodef-m-image\">\n\t\t\t<\/div>\n\t\t<a itemprop=\"url\" class=\"qodef-m-play qodef-magnific-popup qodef-popup-item\" href=\"https:\/\/www.youtube.com\/watch?v=gpPNSyFpV3w\" data-type=\"iframe\">\n\t\t<span class=\"qodef-e-video-button-text\" style=\"color: #FFFFFF;\">\n\t\t\tEICAR\t\t\t<svg xmlns=\"http:\/\/www.w3.org\/2000\/svg\" width=\"14.9846\" height=\"17.4821\" viewBox=\"0 0 14.9846 17.4821\">\n\t\t\t\t<polygon style=\"stroke: #FFFFFF;\" points=\"1 1.741 1 15.741 13 8.741 1 1.741\"\/>\n\t\t\t\t<polygon class=\"qodef-fill\" style=\"stroke: #FFFFFF;\" points=\"1 1.741 1 15.741 13 8.741 1 1.741\"\/>\n\t\t\t<\/svg>\n\t\t<\/span>\n\t<\/a>\n<\/div>\n<\/sr7-txt>\n\t\t\t\t\t\t\t<sr7-txt id=\"SR7_16_1-52-42\" class=\"sr7-layer\" srscsrc><a class=\"qodef-shortcode qodef-m qodef-button qodef-layout--outlined qodef-skin--light qodef-html--link\" href=\"http:\/\/africans-in.film\/index.php\/sommaire\/\" target=\"_self\"  >\n\t<span class=\"qodef-m-text\">Le Festival<\/span>\n<\/a>\n<\/sr7-txt>\n\t\t\t\t\t\t<\/sr7-slide>\n\t\t\t\t\t\t<sr7-slide id=\"SR7_16_1-51\" data-key=\"51\">\n\t\t\t\t\t\t<\/sr7-slide>\n\t\t\t\t\t<\/sr7-content>\n\t\t\t\t\t<image_lists style=\"display:none\">\n\t\t\t\t\t\t<img data-src=\"\/\/africans-in.film\/wp-content\/uploads\/2021\/11\/h4-rev-border-img.png\" data-lib=\"medialibrary\" width=\"0\" height=\"0\" data-dbsrc=\"Ly9hZnJpY2Fucy1pbi5maWxtL3dwLWNvbnRlbnQvdXBsb2Fkcy8yMDIxLzExL2g0LXJldi1ib3JkZXItaW1nLnBuZw==\"\/>\n\t\t\t\t\t\t<img data-src=\"\/\/africans-in.film\/wp-content\/uploads\/2025\/10\/marathon-de-creation-unique.jpg\" data-libid=\"10068\" data-lib=\"medialibrary\" title=\"marathon de cr\u00e9ation unique\" width=\"0\" height=\"0\" data-dbsrc=\"Ly9hZnJpY2Fucy1pbi5maWxtL3dwLWNvbnRlbnQvdXBsb2Fkcy8yMDI1LzEwL21hcmF0aG9uLWRlLWNyZWF0aW9uLXVuaXF1ZS5qcGc=\"\/>\n\t\t\t\t\t<\/image_lists>\n\t\t\t\t<\/sr7-module>\n\t\t\t\t<script>\n\t\t\t\t\tSR7.PMH ??={}; SR7.PMH[\"SR7_16_1\"] = {cn:100,state:false,fn: function() { if (_tpt!==undefined && _tpt.prepareModuleHeight !== undefined) {  _tpt.prepareModuleHeight({id:\"SR7_16_1\",el:[863,863,645,698,600],type:'standard',shdw:'0',gh:[863,863,645,698,600],gw:[1300,1300,1100,600,300],vpt:['-100px&#039;,&#039;-100px&#039;,&#039;-100px&#039;,&#039;-100px&#039;,&#039;-100px'],size:{fullWidth:true, fullHeight:false},mh:'0',onh:0,onw:0,bg:{color:'{\"orig\":\"transparent\",\"type\":\"solid\",\"string\":\"transparent\"}'}});   SR7.PMH[\"SR7_16_1\"].state=true;} else if(SR7.PMH[\"SR7_16_1\"].cn-->0)\tsetTimeout( SR7.PMH[\"SR7_16_1\"].fn,19);}};SR7.PMH[\"SR7_16_1\" ].fn();\n\t\t\t\t<\/script>\n<\/div>\n\n\t\t\t\t\t\t<\/div>\n\t\t\t\t\t<\/div>\n\t\t<\/div>\n\t\t\t\t\t<\/div>\n\t\t<\/section>\n\t\t<div class=\"elementor-element elementor-element-e2d45f9 e-flex e-con-boxed qodef-elementor-content-no e-con e-parent\" data-id=\"e2d45f9\" data-element_type=\"container\">\n\t\t\t\t\t<div class=\"e-con-inner\">\n\t\t\t\t<div class=\"elementor-element elementor-element-9b5b762 elementor-widget elementor-widget-spacer\" data-id=\"9b5b762\" data-element_type=\"widget\" data-widget_type=\"spacer.default\">\n\t\t\t\t\t\t\t<div class=\"elementor-spacer\">\n\t\t\t<div class=\"elementor-spacer-inner\"><\/div>\n\t\t<\/div>\n\t\t\t\t\t\t<\/div>\n\t\t\t\t<div class=\"elementor-element elementor-element-cb8e53a elementor-widget elementor-widget-spacer\" data-id=\"cb8e53a\" data-element_type=\"widget\" data-widget_type=\"spacer.default\">\n\t\t\t\t\t\t\t<div class=\"elementor-spacer\">\n\t\t\t<div class=\"elementor-spacer-inner\"><\/div>\n\t\t<\/div>\n\t\t\t\t\t\t<\/div>\n\t\t\t\t\t<\/div>\n\t\t\t\t<\/div>\n\t\t\t\t<section class=\"elementor-section elementor-top-section elementor-element elementor-element-bcbb9bb elementor-section-full_width elementor-section-height-default elementor-section-height-default qodef-elementor-content-no\" data-id=\"bcbb9bb\" data-element_type=\"section\" data-settings=\"{&quot;background_background&quot;:&quot;classic&quot;}\">\n\t\t\t\t\t\t<div class=\"elementor-container elementor-column-gap-default\">\n\t\t\t\t\t<div class=\"elementor-column elementor-col-50 elementor-top-column elementor-element elementor-element-b7920fe\" data-id=\"b7920fe\" data-element_type=\"column\">\n\t\t\t<div class=\"elementor-widget-wrap elementor-element-populated\">\n\t\t\t\t\t\t<section class=\"elementor-section elementor-inner-section elementor-element elementor-element-546cf95 elementor-section-full_width elementor-section-height-default elementor-section-height-default qodef-elementor-content-no\" data-id=\"546cf95\" data-element_type=\"section\">\n\t\t\t\t\t\t<div class=\"elementor-container elementor-column-gap-default\">\n\t\t\t\t\t<div class=\"elementor-column elementor-col-100 elementor-inner-column elementor-element elementor-element-c1eb48f\" data-id=\"c1eb48f\" data-element_type=\"column\">\n\t\t\t<div class=\"elementor-widget-wrap elementor-element-populated\">\n\t\t\t\t\t\t<div class=\"elementor-element elementor-element-8da2c29 elementor-view-default elementor-widget elementor-widget-icon\" data-id=\"8da2c29\" data-element_type=\"widget\" data-widget_type=\"icon.default\">\n\t\t\t\t\t\t\t<div class=\"elementor-icon-wrapper\">\n\t\t\t<div class=\"elementor-icon\">\n\t\t\t<svg aria-hidden=\"true\" class=\"e-font-icon-svg e-fas-code\" viewBox=\"0 0 640 512\" xmlns=\"http:\/\/www.w3.org\/2000\/svg\"><path d=\"M278.9 511.5l-61-17.7c-6.4-1.8-10-8.5-8.2-14.9L346.2 8.7c1.8-6.4 8.5-10 14.9-8.2l61 17.7c6.4 1.8 10 8.5 8.2 14.9L293.8 503.3c-1.9 6.4-8.5 10.1-14.9 8.2zm-114-112.2l43.5-46.4c4.6-4.9 4.3-12.7-.8-17.2L117 256l90.6-79.7c5.1-4.5 5.5-12.3.8-17.2l-43.5-46.4c-4.5-4.8-12.1-5.1-17-.5L3.8 247.2c-5.1 4.7-5.1 12.8 0 17.5l144.1 135.1c4.9 4.6 12.5 4.4 17-.5zm327.2.6l144.1-135.1c5.1-4.7 5.1-12.8 0-17.5L492.1 112.1c-4.8-4.5-12.4-4.3-17 .5L431.6 159c-4.6 4.9-4.3 12.7.8 17.2L523 256l-90.6 79.7c-5.1 4.5-5.5 12.3-.8 17.2l43.5 46.4c4.5 4.9 12.1 5.1 17 .6z\"><\/path><\/svg>\t\t\t<\/div>\n\t\t<\/div>\n\t\t\t\t\t\t<\/div>\n\t\t\t\t<div class=\"elementor-element elementor-element-2e0ca0e elementor-widget-tablet__width-initial elementor-widget elementor-widget-coppola_core_section_title\" data-id=\"2e0ca0e\" data-element_type=\"widget\" data-widget_type=\"coppola_core_section_title.default\">\n\t\t\t\t<div class=\"elementor-widget-container\">\n\t\t\t\t\t<div class=\"qodef-shortcode qodef-m qodef-section-title qodef-alignment--left\">\n\t\t\t<h4 class=\"qodef-m-title\" style=\"color: #FFFFFF\">\n\t\t\t\t\tmarathon de cr\u00e9ation unique\t\t\t<\/h4>\n\t\t<\/div>\n\t\t\t\t<\/div>\n\t\t\t\t<\/div>\n\t\t\t\t\t<\/div>\n\t\t<\/div>\n\t\t\t\t\t<\/div>\n\t\t<\/section>\n\t\t\t\t<div class=\"elementor-element elementor-element-0b7dfb8 elementor-widget-tablet__width-initial elementor-widget elementor-widget-video\" data-id=\"0b7dfb8\" data-element_type=\"widget\" data-settings=\"{&quot;autoplay&quot;:&quot;yes&quot;,&quot;play_on_mobile&quot;:&quot;yes&quot;,&quot;loop&quot;:&quot;yes&quot;,&quot;mute&quot;:&quot;yes&quot;,&quot;video_type&quot;:&quot;hosted&quot;}\" data-widget_type=\"video.default\">\n\t\t\t\t\t\t\t<div class=\"e-hosted-video elementor-wrapper elementor-open-inline\">\n\t\t\t\t\t<video class=\"elementor-video\" src=\"http:\/\/africans-in.film\/wp-content\/uploads\/2025\/10\/VERSION-FRANCAISE-HD-COMPRESSEE.mp4\" autoplay=\"\" loop=\"\" muted=\"muted\" playsinline=\"\" controlsList=\"nodownload\" poster=\"https:\/\/coppola.qodeinteractive.com\/wp-content\/uploads\/2021\/11\/h4-img1.jpg\"><\/video>\n\t\t\t\t<\/div>\n\t\t\t\t\t\t<\/div>\n\t\t\t\t\t<\/div>\n\t\t<\/div>\n\t\t\t\t<div class=\"elementor-column elementor-col-50 elementor-top-column elementor-element elementor-element-36fa811\" data-id=\"36fa811\" data-element_type=\"column\">\n\t\t\t<div class=\"elementor-widget-wrap elementor-element-populated\">\n\t\t\t\t\t\t<section class=\"elementor-section elementor-inner-section elementor-element elementor-element-d377893 elementor-section-full_width elementor-section-height-default elementor-section-height-default qodef-elementor-content-no\" data-id=\"d377893\" data-element_type=\"section\">\n\t\t\t\t\t\t<div class=\"elementor-container elementor-column-gap-default\">\n\t\t\t\t\t<div class=\"elementor-column elementor-col-100 elementor-inner-column elementor-element elementor-element-29c3c32\" data-id=\"29c3c32\" data-element_type=\"column\">\n\t\t\t<div class=\"elementor-widget-wrap elementor-element-populated\">\n\t\t\t\t\t\t<div class=\"elementor-element elementor-element-8beb871 elementor-widget elementor-widget-spacer\" data-id=\"8beb871\" data-element_type=\"widget\" data-widget_type=\"spacer.default\">\n\t\t\t\t\t\t\t<div class=\"elementor-spacer\">\n\t\t\t<div class=\"elementor-spacer-inner\"><\/div>\n\t\t<\/div>\n\t\t\t\t\t\t<\/div>\n\t\t\t\t\t<\/div>\n\t\t<\/div>\n\t\t\t\t\t<\/div>\n\t\t<\/section>\n\t\t\t\t<div class=\"elementor-element elementor-element-f4000ac elementor-widget-tablet__width-initial elementor-widget elementor-widget-text-editor\" data-id=\"f4000ac\" data-element_type=\"widget\" data-widget_type=\"text-editor.default\">\n\t\t\t\t\t\t\t\t\t<p align=\"justify\">\u00a0<\/p><p align=\"justify\">Le festival L&#8217;Afrique fait son cin\u00e9ma; est fier de lancer la premi\u00e8re \u00e9dition de son D\u00e9fi Kino-AI ! Nous invitons les esprits cr\u00e9atifs, les cin\u00e9astes en herbe, les artistes num\u00e9riques et les innovateurs \u00e0 repousser les fronti\u00e8res de la cr\u00e9ation cin\u00e9matographique.<\/p><p align=\"justify\">\u00a0<\/p><p align=\"justify\">Le concept ? R\u00e9aliser un court-m\u00e9trage de 1 \u00e0 4 minutes en 72 heures, en utilisant l&#8217;Intelligence Artificielle comme partenaire de cr\u00e9ation.<\/p><p align=\"justify\">\u00a0<\/p><p align=\"justify\">Ce marathon cr\u00e9atif se d\u00e9roulera dans un environnement stimulant au sein de notre prestigieux partenaire, l&#8217;EICAR &#8211; \u00c9cole de Cin\u00e9ma, du lundi 15 au mercredi 17 d\u00e9cembre 2025. Les \u0153uvres finalis\u00e9es seront c\u00e9l\u00e9br\u00e9es et projet\u00e9es sur grand \u00e9cran lors d&#8217;une soir\u00e9e de restitution exceptionnelle le jeudi 19 d\u00e9cembre.<\/p><p align=\"justify\">\u00a0<\/p><p align=\"justify\">Si vous \u00eates pr\u00eat(e) \u00e0 explorer les futurs de la narration et \u00e0 collaborer avec la technologie pour cr\u00e9er l&#8217;inattendu, ce d\u00e9fi est pour vous.<\/p>\t\t\t\t\t\t\t\t<\/div>\n\t\t\t\t<section class=\"elementor-section elementor-inner-section elementor-element elementor-element-94689d7 elementor-section-content-space-between elementor-section-boxed elementor-section-height-default elementor-section-height-default qodef-elementor-content-no\" data-id=\"94689d7\" data-element_type=\"section\">\n\t\t\t\t\t\t<div class=\"elementor-container elementor-column-gap-custom\">\n\t\t\t\t\t<div class=\"elementor-column elementor-col-25 elementor-inner-column elementor-element elementor-element-d5cf37a\" data-id=\"d5cf37a\" data-element_type=\"column\">\n\t\t\t<div class=\"elementor-widget-wrap elementor-element-populated\">\n\t\t\t\t\t\t<div class=\"elementor-element elementor-element-c4a3325 elementor-widget__width-initial elementor-widget elementor-widget-coppola_core_single_image\" data-id=\"c4a3325\" data-element_type=\"widget\" data-widget_type=\"coppola_core_single_image.default\">\n\t\t\t\t<div class=\"elementor-widget-container\">\n\t\t\t\t\t<div class=\"qodef-shortcode qodef-m qodef-single-image qodef-layout--default\">\n\t\t<div class=\"qodef-m-image\">\n\t\t\t\t\t<img decoding=\"async\" width=\"180\" height=\"180\" src=\"https:\/\/africans-in.film\/wp-content\/uploads\/2025\/10\/6-3.png\" class=\"attachment-full size-full\" alt=\"\" srcset=\"https:\/\/africans-in.film\/wp-content\/uploads\/2025\/10\/6-3.png 180w, https:\/\/africans-in.film\/wp-content\/uploads\/2025\/10\/6-3-150x150.png 150w, https:\/\/africans-in.film\/wp-content\/uploads\/2025\/10\/6-3-100x100.png 100w\" sizes=\"(max-width: 180px) 100vw, 180px\" \/>\t\t\t<\/div>\n<\/div>\n\t\t\t\t<\/div>\n\t\t\t\t<\/div>\n\t\t\t\t\t<\/div>\n\t\t<\/div>\n\t\t\t\t<div class=\"elementor-column elementor-col-25 elementor-inner-column elementor-element elementor-element-9791be1\" data-id=\"9791be1\" data-element_type=\"column\">\n\t\t\t<div class=\"elementor-widget-wrap elementor-element-populated\">\n\t\t\t\t\t\t<div class=\"elementor-element elementor-element-7763337 elementor-widget__width-initial elementor-widget elementor-widget-coppola_core_single_image\" data-id=\"7763337\" data-element_type=\"widget\" data-widget_type=\"coppola_core_single_image.default\">\n\t\t\t\t<div class=\"elementor-widget-container\">\n\t\t\t\t\t<div class=\"qodef-shortcode qodef-m qodef-single-image qodef-layout--default\">\n\t\t<div class=\"qodef-m-image\">\n\t\t\t\t\t<img loading=\"lazy\" decoding=\"async\" width=\"180\" height=\"180\" src=\"https:\/\/africans-in.film\/wp-content\/uploads\/2025\/10\/9-1.png\" class=\"attachment-full size-full\" alt=\"\" srcset=\"https:\/\/africans-in.film\/wp-content\/uploads\/2025\/10\/9-1.png 180w, https:\/\/africans-in.film\/wp-content\/uploads\/2025\/10\/9-1-150x150.png 150w, https:\/\/africans-in.film\/wp-content\/uploads\/2025\/10\/9-1-100x100.png 100w\" sizes=\"(max-width: 180px) 100vw, 180px\" \/>\t\t\t<\/div>\n<\/div>\n\t\t\t\t<\/div>\n\t\t\t\t<\/div>\n\t\t\t\t\t<\/div>\n\t\t<\/div>\n\t\t\t\t<div class=\"elementor-column elementor-col-25 elementor-inner-column elementor-element elementor-element-24bf5e0\" data-id=\"24bf5e0\" data-element_type=\"column\">\n\t\t\t<div class=\"elementor-widget-wrap elementor-element-populated\">\n\t\t\t\t\t\t<div class=\"elementor-element elementor-element-495b636 elementor-widget__width-initial elementor-widget elementor-widget-coppola_core_single_image\" data-id=\"495b636\" data-element_type=\"widget\" data-widget_type=\"coppola_core_single_image.default\">\n\t\t\t\t<div class=\"elementor-widget-container\">\n\t\t\t\t\t<div class=\"qodef-shortcode qodef-m qodef-single-image qodef-layout--default\">\n\t\t<div class=\"qodef-m-image\">\n\t\t\t\t\t<img loading=\"lazy\" decoding=\"async\" width=\"180\" height=\"180\" src=\"https:\/\/africans-in.film\/wp-content\/uploads\/2025\/10\/8-2.png\" class=\"attachment-full size-full\" alt=\"\" srcset=\"https:\/\/africans-in.film\/wp-content\/uploads\/2025\/10\/8-2.png 180w, https:\/\/africans-in.film\/wp-content\/uploads\/2025\/10\/8-2-150x150.png 150w, https:\/\/africans-in.film\/wp-content\/uploads\/2025\/10\/8-2-100x100.png 100w\" sizes=\"(max-width: 180px) 100vw, 180px\" \/>\t\t\t<\/div>\n<\/div>\n\t\t\t\t<\/div>\n\t\t\t\t<\/div>\n\t\t\t\t\t<\/div>\n\t\t<\/div>\n\t\t\t\t<div class=\"elementor-column elementor-col-25 elementor-inner-column elementor-element elementor-element-32da265\" data-id=\"32da265\" data-element_type=\"column\">\n\t\t\t<div class=\"elementor-widget-wrap elementor-element-populated\">\n\t\t\t\t\t\t<div class=\"elementor-element elementor-element-9ddd917 elementor-widget__width-initial elementor-widget elementor-widget-coppola_core_single_image\" data-id=\"9ddd917\" data-element_type=\"widget\" data-widget_type=\"coppola_core_single_image.default\">\n\t\t\t\t<div class=\"elementor-widget-container\">\n\t\t\t\t\t<div class=\"qodef-shortcode qodef-m qodef-single-image qodef-layout--default\">\n\t\t<div class=\"qodef-m-image\">\n\t\t\t\t\t<img loading=\"lazy\" decoding=\"async\" width=\"180\" height=\"180\" src=\"https:\/\/africans-in.film\/wp-content\/uploads\/2025\/10\/7-3.png\" class=\"attachment-full size-full\" alt=\"\" srcset=\"https:\/\/africans-in.film\/wp-content\/uploads\/2025\/10\/7-3.png 180w, https:\/\/africans-in.film\/wp-content\/uploads\/2025\/10\/7-3-150x150.png 150w, https:\/\/africans-in.film\/wp-content\/uploads\/2025\/10\/7-3-100x100.png 100w\" sizes=\"(max-width: 180px) 100vw, 180px\" \/>\t\t\t<\/div>\n<\/div>\n\t\t\t\t<\/div>\n\t\t\t\t<\/div>\n\t\t\t\t\t<\/div>\n\t\t<\/div>\n\t\t\t\t\t<\/div>\n\t\t<\/section>\n\t\t\t\t\t<\/div>\n\t\t<\/div>\n\t\t\t\t\t<\/div>\n\t\t<\/section>\n\t\t\t\t<section class=\"elementor-section elementor-top-section elementor-element elementor-element-f9b1ec6 elementor-section-full_width elementor-section-height-default elementor-section-height-default qodef-elementor-content-no\" data-id=\"f9b1ec6\" data-element_type=\"section\">\n\t\t\t\t\t\t<div class=\"elementor-container elementor-column-gap-default\">\n\t\t\t\t\t<div class=\"elementor-column elementor-col-100 elementor-top-column elementor-element elementor-element-6b2b8b5\" data-id=\"6b2b8b5\" data-element_type=\"column\">\n\t\t\t<div class=\"elementor-widget-wrap elementor-element-populated\">\n\t\t\t\t\t\t<div class=\"elementor-element elementor-element-c795c04 elementor-widget elementor-widget-spacer\" data-id=\"c795c04\" data-element_type=\"widget\" data-widget_type=\"spacer.default\">\n\t\t\t\t\t\t\t<div class=\"elementor-spacer\">\n\t\t\t<div class=\"elementor-spacer-inner\"><\/div>\n\t\t<\/div>\n\t\t\t\t\t\t<\/div>\n\t\t\t\t\t<\/div>\n\t\t<\/div>\n\t\t\t\t\t<\/div>\n\t\t<\/section>\n\t\t\t\t<section class=\"elementor-section elementor-top-section elementor-element elementor-element-590d240 elementor-section-full_width elementor-section-height-default elementor-section-height-default qodef-elementor-content-no\" data-id=\"590d240\" data-element_type=\"section\">\n\t\t\t\t\t\t<div class=\"elementor-container elementor-column-gap-default\">\n\t\t\t\t\t<div class=\"elementor-column elementor-col-100 elementor-top-column elementor-element elementor-element-b429ffb\" data-id=\"b429ffb\" data-element_type=\"column\">\n\t\t\t<div class=\"elementor-widget-wrap elementor-element-populated\">\n\t\t\t\t\t\t<section class=\"elementor-section elementor-inner-section elementor-element elementor-element-fc4b6d7 elementor-section-full_width elementor-section-height-default elementor-section-height-default qodef-elementor-content-no\" data-id=\"fc4b6d7\" data-element_type=\"section\" data-settings=\"{&quot;background_background&quot;:&quot;classic&quot;}\">\n\t\t\t\t\t\t<div class=\"elementor-container elementor-column-gap-default\">\n\t\t\t\t\t<div class=\"elementor-column elementor-col-50 elementor-inner-column elementor-element elementor-element-9ede58d\" data-id=\"9ede58d\" data-element_type=\"column\" data-settings=\"{&quot;background_background&quot;:&quot;classic&quot;}\">\n\t\t\t<div class=\"elementor-widget-wrap\">\n\t\t\t\t\t\t\t<\/div>\n\t\t<\/div>\n\t\t\t\t<div class=\"elementor-column elementor-col-50 elementor-inner-column elementor-element elementor-element-1a1921a\" data-id=\"1a1921a\" data-element_type=\"column\" data-settings=\"{&quot;background_background&quot;:&quot;classic&quot;}\">\n\t\t\t<div class=\"elementor-widget-wrap elementor-element-populated\">\n\t\t\t\t\t\t<div class=\"elementor-element elementor-element-9a7c6a2 elementor-widget elementor-widget-html\" data-id=\"9a7c6a2\" data-element_type=\"widget\" data-widget_type=\"html.default\">\n\t\t\t\t\t<iframe src=\"https:\/\/docs.google.com\/forms\/d\/e\/1FAIpQLSdNwEy6VssOlVxf9fq-j2qPyaYhPk0g0Xz2sf7Y439ChFW7FQ\/viewform?embedded=true\" width=\"640\" height=\"1514\" frameborder=\"0\" marginheight=\"0\" marginwidth=\"0\">Chargement\u2026<\/iframe>\t\t\t\t<\/div>\n\t\t\t\t\t<\/div>\n\t\t<\/div>\n\t\t\t\t\t<\/div>\n\t\t<\/section>\n\t\t\t\t\t<\/div>\n\t\t<\/div>\n\t\t\t\t\t<\/div>\n\t\t<\/section>\n\t\t\t\t<\/div>\n\t\t","protected":false},"excerpt":{"rendered":"<p>marathon de cr\u00e9ation unique http:\/\/africans-in.film\/wp-content\/uploads\/2025\/10\/VERSION-FRANCAISE-HD-COMPRESSEE.mp4 \u00a0 Le festival L&#8217;Afrique fait son cin\u00e9ma; est fier de lancer la premi\u00e8re \u00e9dition de son D\u00e9fi Kino-AI ! Nous invitons les esprits cr\u00e9atifs, les cin\u00e9astes en herbe, les artistes num\u00e9riques et les innovateurs \u00e0 repousser les fronti\u00e8res de la cr\u00e9ation cin\u00e9matographique. \u00a0 Le concept ? R\u00e9aliser un court-m\u00e9trage de [&hellip;]<\/p>\n","protected":false},"author":1,"featured_media":0,"parent":0,"menu_order":0,"comment_status":"closed","ping_status":"closed","template":"page-full-width.php","meta":{"footnotes":""},"class_list":["post-10063","page","type-page","status-publish","hentry"],"_links":{"self":[{"href":"https:\/\/africans-in.film\/index.php\/wp-json\/wp\/v2\/pages\/10063","targetHints":{"allow":["GET"]}}],"collection":[{"href":"https:\/\/africans-in.film\/index.php\/wp-json\/wp\/v2\/pages"}],"about":[{"href":"https:\/\/africans-in.film\/index.php\/wp-json\/wp\/v2\/types\/page"}],"author":[{"embeddable":true,"href":"https:\/\/africans-in.film\/index.php\/wp-json\/wp\/v2\/users\/1"}],"replies":[{"embeddable":true,"href":"https:\/\/africans-in.film\/index.php\/wp-json\/wp\/v2\/comments?post=10063"}],"version-history":[{"count":56,"href":"https:\/\/africans-in.film\/index.php\/wp-json\/wp\/v2\/pages\/10063\/revisions"}],"predecessor-version":[{"id":10220,"href":"https:\/\/africans-in.film\/index.php\/wp-json\/wp\/v2\/pages\/10063\/revisions\/10220"}],"wp:attachment":[{"href":"https:\/\/africans-in.film\/index.php\/wp-json\/wp\/v2\/media?parent=10063"}],"curies":[{"name":"wp","href":"https:\/\/api.w.org\/{rel}","templated":true}]}}